{"id":5,"date":"2017-10-07T23:17:56","date_gmt":"2017-10-07T21:17:56","guid":{"rendered":"http:\/\/republiquedeschoses.com\/?page_id=5"},"modified":"2019-02-13T22:59:57","modified_gmt":"2019-02-13T21:59:57","slug":"a-propos","status":"publish","type":"page","link":"https:\/\/republiquedeschoses.com\/?page_id=5","title":{"rendered":"\u00c0 propos"},"content":{"rendered":"<p><strong>Qui suis-je?<\/strong><\/p>\n<p><img loading=\"lazy\" class=\"wp-image-181 alignright\" src=\"http:\/\/republiquedeschoses.com\/wp-content\/uploads\/2018\/05\/Moi-282x300.png\" alt=\"\" width=\"144\" height=\"153\" srcset=\"https:\/\/republiquedeschoses.com\/wp-content\/uploads\/2018\/05\/Moi-282x300.png 282w, https:\/\/republiquedeschoses.com\/wp-content\/uploads\/2018\/05\/Moi-768x816.png 768w, https:\/\/republiquedeschoses.com\/wp-content\/uploads\/2018\/05\/Moi-963x1024.png 963w, https:\/\/republiquedeschoses.com\/wp-content\/uploads\/2018\/05\/Moi.png 1648w\" sizes=\"(max-width: 144px) 100vw, 144px\" \/>Je suis Julien Berbach. Apr\u00e8s avoir \u00e9t\u00e9 ing\u00e9nieur dans l&rsquo;a\u00e9ronautique, je m&rsquo;int\u00e9resse depuis cinq ans aux \u00e9nergies renouvelables. Je travaille actuellement pour la soci\u00e9t\u00e9 Siemens-Gamesa, sur un syst\u00e8me informatique pour les parcs \u00e9oliens. Je travaille sur des techniques qui permettront une plus grande p\u00e9n\u00e9tration des \u00e9nergies renouvelables dans l&rsquo;\u00e9conomie globale, le meilleur moyen de combattre le changement climatique.\u00a0 Je m&rsquo;int\u00e9resse \u00e0 la science-fiction, aux utopies, aux liens entre technique et soci\u00e9t\u00e9, et je pense que les changements technologiques que nous vivons (bien au-del\u00e0 de l&rsquo;\u00e9nergie) m\u00e9ritent r\u00e9flexion. Il existe des moyens d&rsquo;am\u00e9liorer significativement notre qualit\u00e9 de vie, \u00e0 condition que nous nous en pr\u00e9occupions sinc\u00e8rement. Il nous manque des mod\u00e8les, des exemples, des informations.<\/p>\n<p><strong>Ce que j&rsquo;aime<br \/>\n<\/strong><\/p>\n<p>Apprendre de nouvelles choses, passer des moments avec mes amis, vivre la solidarit\u00e9, lire des histoires, lire de la science-fiction, construire une maison, \u00e9couter de la bonne musique, courir,\u00a0 fl\u00e2ner, \u00e9crire, \u00eatre un pr\u00e9curseur, voir le ciel \u00e9toil\u00e9 la nuit, voyager. J&rsquo;aime le pass\u00e9, le pr\u00e9sent, le futur&#8230;<\/p>\n<p><strong>Ce que je n&rsquo;aime pas<\/strong><\/p>\n<p>La malbouffe, la monotonie, faire face \u00e0 l&rsquo;indiff\u00e9rence et \u00e0 l&rsquo;insensibilit\u00e9, avoir le mal de mer, \u00eatre mal servi au restaurant, respirer un air pollu\u00e9.<\/p>\n<p><strong>Pourquoi ce blog?<\/strong><\/p>\n<p>Un objet est cr\u00e9\u00e9, dans un temps, un lieu, par un groupe, par une personne seule, ou m\u00eame par lui-m\u00eame. Il est anim\u00e9 d&rsquo;une identit\u00e9, d&rsquo;une intention ; il contient un peu de cette vie qui \u00e9tait \u00e0 son origine. Entre id\u00e9e et vie, il n&rsquo;y a qu&rsquo;un petit nombre de pas.<\/p>\n<p>Les id\u00e9es actuelles du monde scientifique et technique nous am\u00e8nent vers l&rsquo;horizon des objets intelligents, communicants, des objets qui ne vont pas tarder \u00e0 nous influencer en retour. Et si notre relation aux choses changeait du tout au tout? Et si le monde des choses se s\u00e9parait en deux : les choses num\u00e9riques, et les choses mat\u00e9rielles? Et si le monde des choses devenait lui-m\u00eame une organisation, un \u00e9tat, une r\u00e9publique? Quel en serait le sens? Que deviendraient des concepts comme la soci\u00e9t\u00e9, la\u00a0 propri\u00e9t\u00e9, l&rsquo;utilit\u00e9, la responsabilit\u00e9?<\/p>\n<p>On peut voir l&rsquo;id\u00e9e que les choses deviennent \u00ab\u00a0publiques\u00a0\u00bb comme une utopie. L&rsquo;utopie a de l&rsquo;avenir car dans un monde \u00e0 la fois fascin\u00e9 et stress\u00e9 par le changement permanent, la vision de l&rsquo;avenir calme la peur.\u00a0 Mais quelle qualit\u00e9 ont nos id\u00e9aux, quelle port\u00e9e ont nos cr\u00e9ations? C&rsquo;est seulement avec du recul qu&rsquo;on s&rsquo;en rend compte. Les utopies m&rsquo;ont toujours fascin\u00e9 car elles nous disent quelque chose sur le r\u00e9el, son pass\u00e9, son pr\u00e9sent, son futur, tout en \u00e9tant si invariablement lointaines.<\/p>\n","protected":false},"excerpt":{"rendered":"<p>Qui suis-je? Je suis Julien Berbach. Apr\u00e8s avoir \u00e9t\u00e9 ing\u00e9nieur dans l&rsquo;a\u00e9ronautique, je m&rsquo;int\u00e9resse depuis cinq ans aux \u00e9nergies renouvelables. Je travaille actuellement pour la soci\u00e9t\u00e9 Siemens-Gamesa, sur un syst\u00e8me informatique pour les parcs \u00e9oliens. Je travaille sur des techniques qui permettront une plus grande p\u00e9n\u00e9tration des \u00e9nergies renouvelables dans l&rsquo;\u00e9conomie globale, le meilleur moyen &hellip; <\/p>\n<p class=\"link-more\"><a href=\"https:\/\/republiquedeschoses.com\/?page_id=5\" class=\"more-link\">Continuer la lecture<span class=\"screen-reader-text\"> de &laquo;&nbsp;\u00c0 propos&nbsp;&raquo;<\/span><\/a><\/p>\n","protected":false},"author":1,"featured_media":158,"parent":0,"menu_order":0,"comment_status":"closed","ping_status":"closed","template":"","meta":[],"_links":{"self":[{"href":"https:\/\/republiquedeschoses.com\/index.php?rest_route=\/wp\/v2\/pages\/5"}],"collection":[{"href":"https:\/\/republiquedeschoses.com\/index.php?rest_route=\/wp\/v2\/pages"}],"about":[{"href":"https:\/\/republiquedeschoses.com\/index.php?rest_route=\/wp\/v2\/types\/page"}],"author":[{"embeddable":true,"href":"https:\/\/republiquedeschoses.com\/index.php?rest_route=\/wp\/v2\/users\/1"}],"replies":[{"embeddable":true,"href":"https:\/\/republiquedeschoses.com\/index.php?rest_route=%2Fwp%2Fv2%2Fcomments&post=5"}],"version-history":[{"count":19,"href":"https:\/\/republiquedeschoses.com\/index.php?rest_route=\/wp\/v2\/pages\/5\/revisions"}],"predecessor-version":[{"id":258,"href":"https:\/\/republiquedeschoses.com\/index.php?rest_route=\/wp\/v2\/pages\/5\/revisions\/258"}],"wp:featuredmedia":[{"embeddable":true,"href":"https:\/\/republiquedeschoses.com\/index.php?rest_route=\/wp\/v2\/media\/158"}],"wp:attachment":[{"href":"https:\/\/republiquedeschoses.com\/index.php?rest_route=%2Fwp%2Fv2%2Fmedia&parent=5"}],"curies":[{"name":"wp","href":"https:\/\/api.w.org\/{rel}","templated":true}]}}